{"id":332,"date":"2022-08-10T19:07:54","date_gmt":"2022-08-10T17:07:54","guid":{"rendered":"https:\/\/lages.cmsp.se\/hem\/"},"modified":"2024-12-18T14:28:40","modified_gmt":"2024-12-18T13:28:40","slug":"hem","status":"publish","type":"page","link":"https:\/\/lages.se\/de\/","title":{"rendered":"Home"},"content":{"rendered":"<div class=\"wpb-content-wrapper\"><p>[vc_section full_width=&#8220;stretch_row&#8220; full_height=&#8220;yes&#8220; content_placement=&#8220;bottom&#8220; css=&#8220;.vc_custom_1733752179675{background-image: url(\/files\/Vardagsrum2-scaled.jpg?id=253) !important;background-position: center !important;background-repeat: no-repeat !important;background-size: cover !important;}&#8220; el_id=&#8220;start&#8220;][vc_row][vc_column width=&#8220;1\/6&#8243;][\/vc_column][vc_column width=&#8220;2\/3&#8243;][vc_column_text css=&#8220;&#8220; el_class=&#8220;white&#8220;]<\/p>\n<h1 style=\"text-align: center;\">F\u00fchlen Sie sich in Bor\u00e5s wie zu Hause<\/h1>\n<p style=\"text-align: center;\">Im Lages Motel genie\u00dfen Sie geschmackvoll und komfortabel eingerichtete Zimmer und schlafen tief und fest in Betten von H\u00e4stens!<\/p>\n<p>[\/vc_column_text][\/vc_column][vc_column width=&#8220;1\/6&#8243;][\/vc_column][\/vc_row][vc_row][vc_column][vc_empty_space height=&#8220;75px&#8220; el_class=&#8220;empty-75&#8243;][\/vc_column][\/vc_row][vc_row full_width=&#8220;stretch_row_content&#8220;][vc_column width=&#8220;1\/3&#8243;][\/vc_column][vc_column width=&#8220;1\/3&#8243;][\/vc_column][vc_column width=&#8220;1\/3&#8243;][vc_row_inner css=&#8220;.vc_custom_1733752731129{background-color: #F8E9D5 !important;border-radius: 15px !important;}&#8220; el_id=&#8220;erbjudanden&#8220;][vc_column_inner][vc_column_text css=&#8220;&#8220;]<\/p>\n<h3><span style=\"color: #e00938;\">Angebote<\/span><\/h3>\n<p>Informieren Sie sich hier \u00fcber kommende Angebote.[\/vc_column_text][\/vc_column_inner][\/vc_row_inner][\/vc_column][\/vc_row][vc_row][vc_column][vc_empty_space height=&#8220;30px&#8220;][\/vc_column][\/vc_row][\/vc_section][vc_section full_width=&#8220;stretch_row&#8220;][vc_row][vc_column][vc_empty_space height=&#8220;75px&#8220; el_class=&#8220;empty-75&#8243;][\/vc_column][\/vc_row][vc_row][vc_column width=&#8220;1\/6&#8243;][\/vc_column][vc_column width=&#8220;2\/3&#8243;][vc_column_text css=&#8220;&#8220;]<\/p>\n<h2 style=\"text-align: center;\">Wir hoffen dass sie sich bei uns wie zu hause f\u00fchlen.<\/h2>\n<p style=\"text-align: center;\">Sie beginnen den tag mit einem reichhaltigen fr\u00fchstucksbufett.<br \/>\nUnsere zimmer bieten ihnen behagliche atmosph\u00e4re zu erschwinglichen preisen.<\/p>\n<p style=\"text-align: center;\">Wir arrangieren auch gerne ihre konferenzen in geeigneten r\u00e4umen.<\/p>\n<p>[\/vc_column_text][\/vc_column][vc_column width=&#8220;1\/6&#8243;][\/vc_column][\/vc_row][vc_row][vc_column][vc_empty_space height=&#8220;75px&#8220; el_class=&#8220;empty-75&#8243;][\/vc_column][\/vc_row][vc_row el_id=&#8220;tjanster-base&#8220;][vc_column][vc_row_inner][vc_column_inner width=&#8220;1\/3&#8243;][vc_single_image image=&#8220;251&#8243; img_size=&#8220;full&#8220; onclick=&#8220;custom_link&#8220; css=&#8220;&#8220; link=&#8220;\/de\/zimmer\/&#8220;][vc_column_text css=&#8220;&#8220;]<\/p>\n<h3>Unsere Zimmer ansehen<\/h3>\n<p>[\/vc_column_text][\/vc_column_inner][vc_column_inner width=&#8220;1\/3&#8243;][vc_single_image image=&#8220;492&#8243; img_size=&#8220;full&#8220; onclick=&#8220;custom_link&#8220; css=&#8220;&#8220; link=&#8220;\/de\/feier-oder-konferenz\/&#8220;][vc_column_text css=&#8220;&#8220;]<\/p>\n<h3>Feier \/ Konferenz<\/h3>\n<p>[\/vc_column_text][\/vc_column_inner][vc_column_inner width=&#8220;1\/3&#8243;][vc_single_image image=&#8220;208&#8243; img_size=&#8220;full&#8220; onclick=&#8220;custom_link&#8220; css=&#8220;&#8220; link=&#8220;\/de\/speisen\/&#8220;][vc_column_text css=&#8220;&#8220;]<\/p>\n<h3>Restaurant<\/h3>\n<p>[\/vc_column_text][\/vc_column_inner][\/vc_row_inner][\/vc_column][\/vc_row][vc_row][vc_column][vc_empty_space height=&#8220;75px&#8220; el_class=&#8220;empty-75&#8243;][\/vc_column][\/vc_row][\/vc_section][vc_section full_width=&#8220;stretch_row&#8220; el_class=&#8220;darker white&#8220; css=&#8220;.vc_custom_1730895593573{background-image: url(\/files\/Sovrum-scaled.jpg?id=255) !important;background-position: center !important;background-repeat: no-repeat !important;background-size: cover !important;}&#8220;][vc_row][vc_column][vc_empty_space height=&#8220;150px&#8220; el_class=&#8220;empty-75&#8243;][\/vc_column][\/vc_row][vc_row][vc_column][vc_column_text css=&#8220;&#8220;]<\/p>\n<h2 style=\"text-align: center;\">Zimmer buchen<\/h2>\n<h3 style=\"text-align: center;\">Gut und g\u00fcnstig \u00fcbernachten im Lages Motel in Bor\u00e5s<\/h3>\n<p>[\/vc_column_text][vc_btn title=&#8220;Buche deine Unterkunft&#8220; style=&#8220;custom&#8220; align=&#8220;center&#8220; css=&#8220;&#8220; link=&#8220;url:%2Fde%2Fzimmer-buchen|title:Bokningsf%C3%B6rfr%C3%A5gan&#8220;][\/vc_column][\/vc_row][vc_row][vc_column][vc_empty_space height=&#8220;150px&#8220; el_class=&#8220;empty-75&#8243;][\/vc_column][\/vc_row][\/vc_section]<\/p>\n<\/div>","protected":false},"excerpt":{"rendered":"<p>[vc_section full_width=&#8220;stretch_row&#8220; full_height=&#8220;yes&#8220; content_placement=&#8220;bottom&#8220; css=&#8220;.vc_custom_1733752179675{background-image: url(\/files\/Vardagsrum2-scaled.jpg?id=253) !important;background-position: center !important;background-repeat: no-repeat !important;background-size: cover !important;}&#8220; el_id=&#8220;start&#8220;][vc_row][vc_column width=&#8220;1\/6&#8243;][\/vc_column][vc_column width=&#8220;2\/3&#8243;][vc_column_text css=&#8220;&#8220; el_class=&#8220;white&#8220;] F\u00fchlen Sie sich in Bor\u00e5s wie zu Hause Im Lages Motel genie\u00dfen Sie geschmackvoll und komfortabel eingerichtete Zimmer und schlafen tief und fest in Betten von H\u00e4stens! [\/vc_column_text][\/vc_column][vc_column width=&#8220;1\/6&#8243;][\/vc_column][\/vc_row][vc_row][vc_column][vc_empty_space height=&#8220;75px&#8220; el_class=&#8220;empty-75&#8243;][\/vc_column][\/vc_row][vc_row full_width=&#8220;stretch_row_content&#8220;][vc_column width=&#8220;1\/3&#8243;][\/vc_column][vc_column width=&#8220;1\/3&#8243;][\/vc_column][vc_column width=&#8220;1\/3&#8243;][vc_row_inner css=&#8220;.vc_custom_1733752731129{background-color: #F8E9D5 [&hellip;]<\/p>\n","protected":false},"author":2853,"featured_media":0,"parent":0,"menu_order":1,"comment_status":"closed","ping_status":"closed","template":"","meta":{"footnotes":""},"class_list":["post-332","page","type-page","status-publish","hentry"],"_links":{"self":[{"href":"https:\/\/lages.se\/de\/wp-json\/wp\/v2\/pages\/332","targetHints":{"allow":["GET"]}}],"collection":[{"href":"https:\/\/lages.se\/de\/wp-json\/wp\/v2\/pages"}],"about":[{"href":"https:\/\/lages.se\/de\/wp-json\/wp\/v2\/types\/page"}],"author":[{"embeddable":true,"href":"https:\/\/lages.se\/de\/wp-json\/wp\/v2\/users\/2853"}],"replies":[{"embeddable":true,"href":"https:\/\/lages.se\/de\/wp-json\/wp\/v2\/comments?post=332"}],"version-history":[{"count":15,"href":"https:\/\/lages.se\/de\/wp-json\/wp\/v2\/pages\/332\/revisions"}],"predecessor-version":[{"id":604,"href":"https:\/\/lages.se\/de\/wp-json\/wp\/v2\/pages\/332\/revisions\/604"}],"wp:attachment":[{"href":"https:\/\/lages.se\/de\/wp-json\/wp\/v2\/media?parent=332"}],"curies":[{"name":"wp","href":"https:\/\/api.w.org\/{rel}","templated":true}]}}