{"id":338,"date":"2024-11-04T16:13:03","date_gmt":"2024-11-04T15:13:03","guid":{"rendered":"https:\/\/lages.cmsp.se\/rum\/"},"modified":"2024-12-18T14:22:46","modified_gmt":"2024-12-18T13:22:46","slug":"zimmer","status":"publish","type":"page","link":"https:\/\/lages.se\/de\/zimmer\/","title":{"rendered":"Zimmer"},"content":{"rendered":"<div class=\"wpb-content-wrapper\"><p>[vc_section full_width=&#8220;stretch_row&#8220; el_id=&#8220;start_inside&#8220; css=&#8220;.vc_custom_1730878654079{background-image: url(\/files\/Vardagsrum_sang.jpg?id=240) !important;background-position: center !important;background-repeat: no-repeat !important;background-size: cover !important;}&#8220;][vc_row][vc_column][vc_column_text css=&#8220;&#8220;]<\/p>\n<h1>Zimmer<\/h1>\n<p>[\/vc_column_text][\/vc_column][\/vc_row][\/vc_section][vc_section][vc_row][vc_column][vc_empty_space height=&#8220;15px&#8220;][\/vc_column][\/vc_row][vc_row][vc_column width=&#8220;1\/2&#8243;][vc_column_text css=&#8220;&#8220;]<\/p>\n<h2>Gem\u00fctliche Zimmer zu einem guten Preis!<\/h2>\n<p>Hier finden Sie die pers\u00f6nliche Atmosph\u00e4re, die gro\u00dfe Hotels oft vermissen lassen. Lages ist genau richtig \u2013 geschmackvoll, einladend und zu einem sehr guten Preis.<\/p>\n<p>Das Hotel verf\u00fcgt \u00fcber 33 Zimmer mit insgesamt 60 Betten, ausgestattet mit H\u00e4stens-Betten in allen Zimmern. Alle Zimmer haben Dusche, WC, Kabel-TV, Minibar und Telefon.<br \/>\n[\/vc_column_text][\/vc_column][vc_column width=&#8220;1\/2&#8243;][vc_column_text css=&#8220;&#8220;]<\/p>\n<h3>Gro\u00dfer kostenloser Parkplatz!<\/h3>\n<ul>\n<li>Kostenloses Internet<\/li>\n<li>Gro\u00dfer kostenloser Parkplatz<\/li>\n<li>Ladem\u00f6glichkeit f\u00fcr Elektroautos<\/li>\n<li>Alle Zimmer sind rauchfrei<\/li>\n<li>Haustierfrei<\/li>\n<\/ul>\n<h3>Zimmer buchen?<\/h3>\n<p>Herzlich willkommen, eine einfache Buchungsanfrage \u00fcber den Link zu stellen.<br \/>\n[\/vc_column_text][vc_btn title=&#8220;Zimmer buchen&#8220; style=&#8220;custom&#8220; css=&#8220;&#8220; link=&#8220;url:%2Fde%2Fzimmer-buchen%2F|title:Bokningsf%C3%B6rfr%C3%A5gan&#8220;][\/vc_column][\/vc_row][vc_row][vc_column][vc_empty_space height=&#8220;75px&#8220; el_class=&#8220;empty-75&#8243;][\/vc_column][\/vc_row][\/vc_section][vc_section full_width=&#8220;stretch_row&#8220; css=&#8220;.vc_custom_1730879159839{background-color: #F8E9D5 !important;}&#8220;][vc_row][vc_column][vc_empty_space height=&#8220;75px&#8220; el_class=&#8220;empty-75&#8243;][\/vc_column][\/vc_row][vc_row][vc_column][vc_column_text css=&#8220;&#8220;]<\/p>\n<h2 style=\"text-align: center;\">Unsere Zimmer und SUITE<\/h2>\n<p>[\/vc_column_text][\/vc_column][\/vc_row][vc_row][vc_column][vc_media_grid element_width=&#8220;3&#8243; gap=&#8220;20&#8243; item=&#8220;260&#8243; css=&#8220;&#8220; grid_id=&#8220;vc_gid:1734527840886-985013dd-7d62-9&#8243; include=&#8220;588,600,597,594,591,251,252,253,254,255,256,257&#8243;][\/vc_column][\/vc_row][vc_row][vc_column][vc_empty_space height=&#8220;75px&#8220; el_class=&#8220;empty-75&#8243;][\/vc_column][\/vc_row][\/vc_section]<\/p>\n<\/div>","protected":false},"excerpt":{"rendered":"<p>[vc_section full_width=&#8220;stretch_row&#8220; el_id=&#8220;start_inside&#8220; css=&#8220;.vc_custom_1730878654079{background-image: url(\/files\/Vardagsrum_sang.jpg?id=240) !important;background-position: center !important;background-repeat: no-repeat !important;background-size: cover !important;}&#8220;][vc_row][vc_column][vc_column_text css=&#8220;&#8220;] Zimmer [\/vc_column_text][\/vc_column][\/vc_row][\/vc_section][vc_section][vc_row][vc_column][vc_empty_space height=&#8220;15px&#8220;][\/vc_column][\/vc_row][vc_row][vc_column width=&#8220;1\/2&#8243;][vc_column_text css=&#8220;&#8220;] Gem\u00fctliche Zimmer zu einem guten Preis! Hier finden Sie die pers\u00f6nliche Atmosph\u00e4re, die gro\u00dfe Hotels oft vermissen lassen. Lages ist genau richtig \u2013 geschmackvoll, einladend und zu einem sehr guten Preis. Das Hotel verf\u00fcgt \u00fcber 33 Zimmer [&hellip;]<\/p>\n","protected":false},"author":2,"featured_media":0,"parent":0,"menu_order":2,"comment_status":"closed","ping_status":"closed","template":"","meta":{"footnotes":""},"class_list":["post-338","page","type-page","status-publish","hentry"],"_links":{"self":[{"href":"https:\/\/lages.se\/de\/wp-json\/wp\/v2\/pages\/338","targetHints":{"allow":["GET"]}}],"collection":[{"href":"https:\/\/lages.se\/de\/wp-json\/wp\/v2\/pages"}],"about":[{"href":"https:\/\/lages.se\/de\/wp-json\/wp\/v2\/types\/page"}],"author":[{"embeddable":true,"href":"https:\/\/lages.se\/de\/wp-json\/wp\/v2\/users\/2"}],"replies":[{"embeddable":true,"href":"https:\/\/lages.se\/de\/wp-json\/wp\/v2\/comments?post=338"}],"version-history":[{"count":6,"href":"https:\/\/lages.se\/de\/wp-json\/wp\/v2\/pages\/338\/revisions"}],"predecessor-version":[{"id":603,"href":"https:\/\/lages.se\/de\/wp-json\/wp\/v2\/pages\/338\/revisions\/603"}],"wp:attachment":[{"href":"https:\/\/lages.se\/de\/wp-json\/wp\/v2\/media?parent=338"}],"curies":[{"name":"wp","href":"https:\/\/api.w.org\/{rel}","templated":true}]}}