{"id":344,"date":"2024-11-04T16:13:47","date_gmt":"2024-11-04T15:13:47","guid":{"rendered":"https:\/\/lages.cmsp.se\/pizzameny\/"},"modified":"2024-12-18T14:14:01","modified_gmt":"2024-12-18T13:14:01","slug":"pizzamenue","status":"publish","type":"page","link":"https:\/\/lages.se\/de\/pizzamenue\/","title":{"rendered":"Pizzamen\u00fc"},"content":{"rendered":"<div class=\"wpb-content-wrapper\"><p>[vc_section full_width=&#8220;stretch_row&#8220; el_id=&#8220;start_inside&#8220; css=&#8220;.vc_custom_1730816623684{background-image: url(\/files\/pizza.jpg?id=220) !important;background-position: center !important;background-repeat: no-repeat !important;background-size: cover !important;}&#8220;][vc_row][vc_column][vc_column_text css=&#8220;&#8220;]<\/p>\n<h1>Pizzamen\u00fc<\/h1>\n<p>[\/vc_column_text][\/vc_column][\/vc_row][\/vc_section][vc_section][vc_row][vc_column][vc_empty_space height=&#8220;15px&#8220;][\/vc_column][\/vc_row][vc_row][vc_column][vc_column_text css=&#8220;&#8220;]<\/p>\n<h2 style=\"text-align: center;\">Pizzen<\/h2>\n<p>[\/vc_column_text][vc_row_inner][vc_column_inner width=&#8220;1\/2&#8243;][vc_column_text css=&#8220;&#8220;]<\/p>\n<table>\n<tbody>\n<tr>\n<td>\n<h4>1. Margherita<\/h4>\n<p>Tomate, K\u00e4se<\/td>\n<td>125:-<\/td>\n<\/tr>\n<tr>\n<td>\n<h4>2. Vesuvio<\/h4>\n<p>Tomate, K\u00e4se, Schinken<\/td>\n<td>130:-<\/td>\n<\/tr>\n<tr>\n<td>\n<h4>3. Calzone<\/h4>\n<p>Tomate, K\u00e4se, Schinken (gef\u00fcllt)<\/td>\n<td>130:-<\/td>\n<\/tr>\n<tr>\n<td>\n<h4>4. Capricciosa<\/h4>\n<p>Tomate, K\u00e4se, Schinken, Champignons<\/td>\n<td>130:-<\/td>\n<\/tr>\n<tr>\n<td>\n<h4>5. Hawaii<\/h4>\n<p>Tomate, K\u00e4se, Schinken, Ananas<\/td>\n<td>130:-<\/td>\n<\/tr>\n<tr>\n<td>\n<h4>6. Parma<\/h4>\n<p>Tomate, Parmesan, Parmaschinken, Rucola<\/td>\n<td>155:-<\/td>\n<\/tr>\n<tr>\n<td>\n<h4>7. Tomaso<\/h4>\n<p>Tomate, K\u00e4se, Schinken, Garnelen<\/td>\n<td>135:-<\/td>\n<\/tr>\n<tr>\n<td>\n<h4>8. Pescatore<\/h4>\n<p>Tomate, K\u00e4se, Thunfisch, Garnelen<\/td>\n<td>135:-<\/td>\n<\/tr>\n<tr>\n<td>\n<h4>9. Quattro<\/h4>\n<p>Tomate, K\u00e4se, Garnelen, Champignons, Muscheln, Artischocken<\/td>\n<td>145:-<\/td>\n<\/tr>\n<tr>\n<td>\n<h4>10. Mafia<\/h4>\n<p>Tomate, K\u00e4se, Hackfleischso\u00dfe, Ei, Speck, Knoblauch, Jalape\u00f1os (scharf)<\/td>\n<td>145:-<\/td>\n<\/tr>\n<tr>\n<td>\n<h4>11. Pate<\/h4>\n<p>Tomate, K\u00e4se, Hackfleischso\u00dfe, Zwiebeln, Spargel, Jalape\u00f1os (scharf)<\/td>\n<td>135:-<\/td>\n<\/tr>\n<tr>\n<td>\n<h4>12. Oskar<\/h4>\n<p>Tomate, K\u00e4se, Rinderfilet, Zwiebeln, Sauce B\u00e9arnaise, Rucola<\/td>\n<td>145:-<\/td>\n<\/tr>\n<tr>\n<td>\n<h4>13. Gorgonzola<\/h4>\n<p>Tomate, K\u00e4se, Schweinefilet, Zwiebeln, Champignons, Gorgonzola, Rucola<\/td>\n<td>150:-<\/td>\n<\/tr>\n<tr>\n<td>\n<h4>14. Ciao Ciao<\/h4>\n<p>Tomatenso\u00dfe, K\u00e4se, Schweinefilet, Zwiebeln, Champignons, Knoblauch (gef\u00fcllt)<\/td>\n<td>150:-<\/td>\n<\/tr>\n<tr>\n<td>\n<h4>15. Bacon Special<\/h4>\n<p>Tomate, K\u00e4se, Rinderfilet, Zwiebeln, Speck, Sauce B\u00e9arnaise, Knoblauch<\/td>\n<td>150:-<\/td>\n<\/tr>\n<\/tbody>\n<\/table>\n<p>[\/vc_column_text][\/vc_column_inner][vc_column_inner width=&#8220;1\/2&#8243;][vc_column_text css=&#8220;&#8220;]<\/p>\n<table>\n<tbody>\n<tr>\n<td>\n<h4>16. Spezial des Hauses<\/h4>\n<p>Tomate, K\u00e4se, Rinderfilet, Paprika, Garnelen, frische Tomate, Champignons, Knoblauch, Gorgonzola<\/td>\n<td>155:-<\/td>\n<\/tr>\n<tr>\n<td>\n<h4>17. Jamaica<\/h4>\n<p>Tomate, K\u00e4se, Schinken, Champignons, Garnelen<\/td>\n<td>145:-<\/td>\n<\/tr>\n<tr>\n<td>\n<h4>18. Pfifferling<\/h4>\n<p>Tomate, K\u00e4se, Schinken, Pfifferlinge, Garnelen<\/td>\n<td>150:-<\/td>\n<\/tr>\n<tr>\n<td>\n<h4>19. H\u00e4hnchenpizza<\/h4>\n<p>Tomate, K\u00e4se, H\u00e4hnchen, Zwiebeln, Champignons, Kebabsauce<\/td>\n<td>145:-<\/td>\n<\/tr>\n<tr>\n<td>\n<h4>20. H\u00e4hnchen Spezial<\/h4>\n<p>Tomate, K\u00e4se, H\u00e4hnchen, Ananas, Speck, Curry, Pommes, Knoblauchsauce<\/td>\n<td>155:-<\/td>\n<\/tr>\n<tr>\n<td>\n<h4>21. Vegetarisch<\/h4>\n<p>Tomate, K\u00e4se, Champignons, Oliven, Zwiebeln, Paprika, Artischocken, Spargel<\/td>\n<td>140:-<\/td>\n<\/tr>\n<tr>\n<td>\n<h4>22. Halloumi Pizza<\/h4>\n<p>Tomatenso\u00dfe, K\u00e4se, Halloumi, Oliven, Paprika, rote Zwiebeln, Pesto, Rucola<\/td>\n<td>150:-<\/td>\n<\/tr>\n<tr>\n<td>\n<h4>23. Halloumi Spezial<\/h4>\n<p>Tomatenso\u00dfe, K\u00e4se, Halloumi, Champignons, Salami, Paprika, Rucola<\/td>\n<td>155:-<\/td>\n<\/tr>\n<tr>\n<td>\n<h4>24. Afrikana<\/h4>\n<p>Tomate, K\u00e4se, Schinken, Ananas, Banane, Curry<\/td>\n<td>145:-<\/td>\n<\/tr>\n<tr>\n<td>\n<h4>25. Kebabpizza<\/h4>\n<p>Tomatenso\u00dfe, K\u00e4se, Kebabfleisch, Zwiebeln, Champignons, Peperoni, Kebabsauce<\/td>\n<td>145:-<\/td>\n<\/tr>\n<tr>\n<td>\n<h4>26. Kebab Spezial<\/h4>\n<p>Tomatenso\u00dfe, K\u00e4se, Kebabfleisch, Zwiebeln, Pommes, Kebabsauce, Peperoni<\/td>\n<td>155:-<\/td>\n<\/tr>\n<tr>\n<td>\n<h4>27. Bor\u00e5s Spezial<\/h4>\n<p>Tomatenso\u00dfe, K\u00e4se, Kebabfleisch, Zwiebeln, Salat, frische Tomate, Kebabsauce, Peperoni<\/td>\n<td>155:-<\/td>\n<\/tr>\n<tr>\n<td>\n<h4>28. Casa<\/h4>\n<p>Tomate, K\u00e4se, Salami, Pesto, Mozzarella, Rucola<\/td>\n<td>155:-<\/td>\n<\/tr>\n<tr>\n<td>\n<h4>29. Alberto<\/h4>\n<p>Tomate, K\u00e4se, Salami, Mozzarella, Parmesan, Gorgonzola, Rucola<\/td>\n<td>155:-<\/td>\n<\/tr>\n<\/tbody>\n<\/table>\n<p>[\/vc_column_text][\/vc_column_inner][\/vc_row_inner][\/vc_column][\/vc_row][vc_row][vc_column][vc_column_text css=&#8220;&#8220;]<\/p>\n<p style=\"text-align: center;\">Wir bieten auch glutenfreie Pizza an. Zus\u00e4tzliche Zutaten +20:-<br \/>\nUnsere Garnelen sind in Lake eingelegt, keine tiefgefrorenen Garnelen.<\/p>\n<p>[\/vc_column_text][vc_empty_space height=&#8220;75px&#8220; el_class=&#8220;empty-75&#8243;][vc_column_text css=&#8220;&#8220;]<\/p>\n<h2 style=\"text-align: center;\">Kebab &amp; kyckling med pitabr\u00f6d<\/h2>\n<p>[\/vc_column_text][vc_row_inner][vc_column_inner width=&#8220;1\/2&#8243;][vc_column_text css=&#8220;&#8220;]<\/p>\n<table>\n<tbody>\n<tr>\n<td>\n<h4>30. Standard Kebab<\/h4>\n<p>Kebab, Salat, Gurke, Zwiebeln, Peperoni, Kebabsauce<\/td>\n<td>125:-<\/td>\n<\/tr>\n<tr>\n<td>\n<h4>31. Falafel Wrap<\/h4>\n<p>Falafel, Salat, Gurke, Tomate, Zwiebeln, Sauce<\/td>\n<td>125:-<\/td>\n<\/tr>\n<tr>\n<td>\n<h4>32. Kebabteller<\/h4>\n<p>Kebab, Pommes, Salat, Gurke, Zwiebeln, Tomate, Peperoni, Kebabsauce<\/td>\n<td>140:-<\/td>\n<\/tr>\n<\/tbody>\n<\/table>\n<p>[\/vc_column_text][\/vc_column_inner][vc_column_inner width=&#8220;1\/2&#8243;][vc_column_text css=&#8220;&#8220;]<\/p>\n<table>\n<tbody>\n<tr>\n<td>\n<h4>33. Kebab Wrap<\/h4>\n<p>Kebab, Salat, Gurke, Tomate, Zwiebeln, Peperoni, Kebabsauce<\/td>\n<td>125:-<\/td>\n<\/tr>\n<tr>\n<td>\n<h4>34. H\u00e4hnchen Wrap<\/h4>\n<p>H\u00e4hnchen, Tomate, Gurke, Zwiebeln, Peperoni, Salat, Knoblauchsauce<\/td>\n<td>125:-<\/td>\n<\/tr>\n<tr>\n<td>\n<h4>35. H\u00e4hnchen Teller<\/h4>\n<p>H\u00e4hnchen, Pommes, Salat, Tomate, Gurke, Zwiebeln, Knoblauchsauce, Peperoni<\/td>\n<td>140:-<\/td>\n<\/tr>\n<\/tbody>\n<\/table>\n<p>[\/vc_column_text][\/vc_column_inner][\/vc_row_inner][\/vc_column][\/vc_row][vc_row][vc_column][vc_empty_space height=&#8220;75px&#8220; el_class=&#8220;empty-75&#8243;][\/vc_column][\/vc_row][vc_row][vc_column][vc_column_text css=&#8220;&#8220;]<\/p>\n<h2 style=\"text-align: center;\">Panpizza Casa Italia<\/h2>\n<p style=\"text-align: center;\">2 Personen 295:- \/ 4 Personen 425:-<\/p>\n<p style=\"text-align: center;\">Dies ist eine unglaublich k\u00f6stliche Panpizza.<br \/>\nDer Pizzaboden besteht zu 80% aus Wasser und zu 20% aus Weizen.<br \/>\nDas macht ihn wunderbar fluffig und knusprig.<br \/>\nSie m\u00fcssen sie unbedingt probieren.<\/p>\n<p>[\/vc_column_text][vc_row_inner][vc_column_inner width=&#8220;1\/2&#8243;][vc_column_text css=&#8220;&#8220;]<\/p>\n<h4>Lages<\/h4>\n<p>Tomatenso\u00dfe, Mozzarella, Salami, Rucola, Parmesan, frische Tomaten<\/p>\n<h4>Parma<\/h4>\n<p>Tomatenso\u00dfe, Parmaschinken, Mozzarella, Pesto, Rucola, frische Tomaten<br \/>\n[\/vc_column_text][\/vc_column_inner][vc_column_inner width=&#8220;1\/2&#8243;][vc_column_text css=&#8220;&#8220;]<\/p>\n<h4>4 K\u00e4sesorten<\/h4>\n<p>Tomatenso\u00dfe, Mozzarella, Gorgonzola, Parmesan, Gouda, Rucola<br \/>\n[\/vc_column_text][\/vc_column_inner][\/vc_row_inner][\/vc_column][\/vc_row][vc_row][vc_column][vc_empty_space height=&#8220;75px&#8220; el_class=&#8220;empty-75&#8243;][\/vc_column][\/vc_row][vc_row][vc_column][vc_column_text css=&#8220;&#8220;]<\/p>\n<h2 style=\"text-align: center;\">Rinderhack-Burger<\/h2>\n<h3 style=\"text-align: center;\">Rinderhack-Burger, 150 g schwedisches Rindfleisch<\/h3>\n<p>[\/vc_column_text][vc_row_inner][vc_column_inner width=&#8220;1\/2&#8243;][vc_column_text css=&#8220;&#8220;]<\/p>\n<table>\n<tbody>\n<tr>\n<td>\n<h4>Lages Burger<\/h4>\n<p>Salat, Tr\u00fcffelmayonnaise, Speck, Cheddar, eingelegte Zwiebeln, Pommes<\/td>\n<td>150:-<\/td>\n<\/tr>\n<\/tbody>\n<\/table>\n<p>[\/vc_column_text][\/vc_column_inner][vc_column_inner width=&#8220;1\/2&#8243;][vc_column_text css=&#8220;&#8220;]<\/p>\n<table>\n<tbody>\n<tr>\n<td>\n<h4>Extra Snackbox<\/h4>\n<p>Pommes, Cheddar-K\u00e4se, Jalape\u00f1o-K\u00e4se<\/td>\n<td>90:-<\/td>\n<\/tr>\n<\/tbody>\n<\/table>\n<p>[\/vc_column_text][\/vc_column_inner][\/vc_row_inner][\/vc_column][\/vc_row][vc_row][vc_column][vc_empty_space height=&#8220;75px&#8220; el_class=&#8220;empty-75&#8243;][\/vc_column][\/vc_row][vc_row][vc_column][vc_column_text css=&#8220;&#8220;]<\/p>\n<h2 style=\"text-align: center;\">Salate<\/h2>\n<p>[\/vc_column_text][vc_row_inner][vc_column_inner width=&#8220;1\/2&#8243;][vc_column_text css=&#8220;&#8220;]<\/p>\n<table>\n<tbody>\n<tr>\n<td>\n<h4>1. Garnelensalat<\/h4>\n<p>Salat, Tomate, Paprika, Gurke, Zitrone, Garnelen, Ei, Spargel<\/td>\n<td>155:-<\/td>\n<\/tr>\n<tr>\n<td>\n<h4>2. H\u00e4hnchensalat<\/h4>\n<p>Salat, Tomate, Paprika, Gurke, H\u00e4hnchen, Ananas<\/td>\n<td>155:-<\/td>\n<\/tr>\n<tr>\n<td>\n<h4>3. Thunfischsalat<\/h4>\n<p>Salat, Tomate, Paprika, Gurke, Thunfisch, Ei, Zwiebeln<\/td>\n<td>155:-<\/td>\n<\/tr>\n<\/tbody>\n<\/table>\n<p>[\/vc_column_text][\/vc_column_inner][vc_column_inner width=&#8220;1\/2&#8243;][vc_column_text css=&#8220;&#8220;]<\/p>\n<table>\n<tbody>\n<tr>\n<td>\n<h4>4. Kebab-Salat<\/h4>\n<p>Salat, Tomate, Kebabfleisch, Gurke, Zwiebeln, Kebabsauce, Peperoni<\/td>\n<td>155:-<\/td>\n<\/tr>\n<tr>\n<td>\n<h4>5. Falafel-Salat<\/h4>\n<p>Salat, Falafel, Tomate, Zwiebeln, Sauce<\/td>\n<td>155:-<\/td>\n<\/tr>\n<\/tbody>\n<\/table>\n<p>[\/vc_column_text][\/vc_column_inner][\/vc_row_inner][\/vc_column][\/vc_row][vc_row][vc_column][vc_empty_space height=&#8220;75px&#8220; el_class=&#8220;empty-75&#8243;][\/vc_column][\/vc_row][\/vc_section]<\/p>\n<\/div>","protected":false},"excerpt":{"rendered":"<p>[vc_section full_width=&#8220;stretch_row&#8220; el_id=&#8220;start_inside&#8220; css=&#8220;.vc_custom_1730816623684{background-image: url(\/files\/pizza.jpg?id=220) !important;background-position: center !important;background-repeat: no-repeat !important;background-size: cover !important;}&#8220;][vc_row][vc_column][vc_column_text css=&#8220;&#8220;] Pizzamen\u00fc [\/vc_column_text][\/vc_column][\/vc_row][\/vc_section][vc_section][vc_row][vc_column][vc_empty_space height=&#8220;15px&#8220;][\/vc_column][\/vc_row][vc_row][vc_column][vc_column_text css=&#8220;&#8220;] Pizzen [\/vc_column_text][vc_row_inner][vc_column_inner width=&#8220;1\/2&#8243;][vc_column_text css=&#8220;&#8220;] 1. Margherita Tomate, K\u00e4se 125:- 2. Vesuvio Tomate, K\u00e4se, Schinken 130:- 3. Calzone Tomate, K\u00e4se, Schinken (gef\u00fcllt) 130:- 4. Capricciosa Tomate, K\u00e4se, Schinken, Champignons 130:- 5. Hawaii Tomate, K\u00e4se, Schinken, Ananas 130:- 6. Parma [&hellip;]<\/p>\n","protected":false},"author":2,"featured_media":0,"parent":0,"menu_order":4,"comment_status":"closed","ping_status":"closed","template":"","meta":{"footnotes":""},"class_list":["post-344","page","type-page","status-publish","hentry"],"_links":{"self":[{"href":"https:\/\/lages.se\/de\/wp-json\/wp\/v2\/pages\/344","targetHints":{"allow":["GET"]}}],"collection":[{"href":"https:\/\/lages.se\/de\/wp-json\/wp\/v2\/pages"}],"about":[{"href":"https:\/\/lages.se\/de\/wp-json\/wp\/v2\/types\/page"}],"author":[{"embeddable":true,"href":"https:\/\/lages.se\/de\/wp-json\/wp\/v2\/users\/2"}],"replies":[{"embeddable":true,"href":"https:\/\/lages.se\/de\/wp-json\/wp\/v2\/comments?post=344"}],"version-history":[{"count":3,"href":"https:\/\/lages.se\/de\/wp-json\/wp\/v2\/pages\/344\/revisions"}],"predecessor-version":[{"id":584,"href":"https:\/\/lages.se\/de\/wp-json\/wp\/v2\/pages\/344\/revisions\/584"}],"wp:attachment":[{"href":"https:\/\/lages.se\/de\/wp-json\/wp\/v2\/media?parent=344"}],"curies":[{"name":"wp","href":"https:\/\/api.w.org\/{rel}","templated":true}]}}