{"id":365,"date":"2024-11-04T16:14:39","date_gmt":"2024-11-04T15:14:39","guid":{"rendered":"https:\/\/lages.cmsp.se\/kundavtal\/"},"modified":"2024-12-18T12:27:27","modified_gmt":"2024-12-18T11:27:27","slug":"kundenvereinbarung","status":"publish","type":"page","link":"https:\/\/lages.se\/de\/kundenvereinbarung\/","title":{"rendered":"Kundenvereinbarung"},"content":{"rendered":"<div class=\"wpb-content-wrapper\"><p>[vc_section full_width=&#8220;stretch_row&#8220; el_id=&#8220;start_inside&#8220; el_class=&#8220;white&#8220; css=&#8220;.vc_custom_1730813177173{background-image: url(\/files\/Vardagsrum.jpg?id=176) !important;background-position: center !important;background-repeat: no-repeat !important;background-size: cover !important;}&#8220;][vc_row][vc_column][vc_column_text css=&#8220;&#8220;]<\/p>\n<h1 style=\"text-align: center;\">Kundenvereinbarung<\/h1>\n<p>[\/vc_column_text][\/vc_column][\/vc_row][\/vc_section][vc_section][vc_row][vc_column][vc_empty_space height=&#8220;15px&#8220;][\/vc_column][\/vc_row][vc_row][vc_column width=&#8220;1\/2&#8243;][vc_column_text css=&#8220;&#8220;]<\/p>\n<h2>Werden Sie unser Vertragspartner<\/h2>\n<h3>Ist Ihr Unternehmen daran interessiert, Vertragspartner f\u00fcr Hotel\u00fcbernachtungen bei uns zu werden?<\/h3>\n<h4>Preiswerte Unterkunft in Bor\u00e5s<\/h4>\n<p>Wir bieten eine preiswerte Unterkunft in der N\u00e4he des Zentrums von Bor\u00e5s.<br \/>\nSie erhalten au\u00dferdem Zugang zu Konferenzm\u00f6glichkeiten f\u00fcr bis zu 100 Personen.<\/p>\n<h4>Kontaktieren Sie uns<\/h4>\n<p>Kontaktieren Sie uns f\u00fcr ein Angebot<\/p>\n<p><a href=\"tel:033248720\">033-24 87 20<\/a><br \/>\n<a href=\"mailto:lagesmotel@gmail.com\">lagesmotel@gmail.com<\/a><\/p>\n<p>Wir haben bereits mehrere Unternehmen als Kunden \u2013 Referenzen sind auf Anfrage erh\u00e4ltlich.<br \/>\n[\/vc_column_text][\/vc_column][vc_column width=&#8220;1\/2&#8243;][vc_single_image image=&#8220;240&#8243; img_size=&#8220;full&#8220; css=&#8220;&#8220;][\/vc_column][\/vc_row][vc_row][vc_column][vc_empty_space height=&#8220;75px&#8220; el_class=&#8220;empty-75&#8243;][\/vc_column][\/vc_row][\/vc_section]<\/p>\n<\/div>","protected":false},"excerpt":{"rendered":"<p>[vc_section full_width=&#8220;stretch_row&#8220; el_id=&#8220;start_inside&#8220; el_class=&#8220;white&#8220; css=&#8220;.vc_custom_1730813177173{background-image: url(\/files\/Vardagsrum.jpg?id=176) !important;background-position: center !important;background-repeat: no-repeat !important;background-size: cover !important;}&#8220;][vc_row][vc_column][vc_column_text css=&#8220;&#8220;] Kundenvereinbarung [\/vc_column_text][\/vc_column][\/vc_row][\/vc_section][vc_section][vc_row][vc_column][vc_empty_space height=&#8220;15px&#8220;][\/vc_column][\/vc_row][vc_row][vc_column width=&#8220;1\/2&#8243;][vc_column_text css=&#8220;&#8220;] Werden Sie unser Vertragspartner Ist Ihr Unternehmen daran interessiert, Vertragspartner f\u00fcr Hotel\u00fcbernachtungen bei uns zu werden? Preiswerte Unterkunft in Bor\u00e5s Wir bieten eine preiswerte Unterkunft in der N\u00e4he des Zentrums von Bor\u00e5s. Sie erhalten au\u00dferdem Zugang [&hellip;]<\/p>\n","protected":false},"author":2,"featured_media":0,"parent":0,"menu_order":10,"comment_status":"closed","ping_status":"closed","template":"","meta":{"footnotes":""},"class_list":["post-365","page","type-page","status-publish","hentry"],"_links":{"self":[{"href":"https:\/\/lages.se\/de\/wp-json\/wp\/v2\/pages\/365","targetHints":{"allow":["GET"]}}],"collection":[{"href":"https:\/\/lages.se\/de\/wp-json\/wp\/v2\/pages"}],"about":[{"href":"https:\/\/lages.se\/de\/wp-json\/wp\/v2\/types\/page"}],"author":[{"embeddable":true,"href":"https:\/\/lages.se\/de\/wp-json\/wp\/v2\/users\/2"}],"replies":[{"embeddable":true,"href":"https:\/\/lages.se\/de\/wp-json\/wp\/v2\/comments?post=365"}],"version-history":[{"count":3,"href":"https:\/\/lages.se\/de\/wp-json\/wp\/v2\/pages\/365\/revisions"}],"predecessor-version":[{"id":578,"href":"https:\/\/lages.se\/de\/wp-json\/wp\/v2\/pages\/365\/revisions\/578"}],"wp:attachment":[{"href":"https:\/\/lages.se\/de\/wp-json\/wp\/v2\/media?parent=365"}],"curies":[{"name":"wp","href":"https:\/\/api.w.org\/{rel}","templated":true}]}}