{"id":369,"date":"2024-11-05T13:38:05","date_gmt":"2024-11-05T12:38:05","guid":{"rendered":"https:\/\/lages.cmsp.se\/bokningsforfragan\/"},"modified":"2024-12-18T14:37:55","modified_gmt":"2024-12-18T13:37:55","slug":"zimmer-buchen","status":"publish","type":"page","link":"https:\/\/lages.se\/de\/zimmer-buchen\/","title":{"rendered":"Zimmer buchen"},"content":{"rendered":"<div class=\"wpb-content-wrapper\"><p>[vc_section full_width=&#8220;stretch_row&#8220; el_id=&#8220;start_inside&#8220;][vc_row][vc_column][vc_column_text css=&#8220;&#8220;]<\/p>\n<h1 style=\"text-align: center;\">Zimmer buchen<\/h1>\n<p>[\/vc_column_text][\/vc_column][\/vc_row][\/vc_section][vc_section][vc_row][vc_column][vc_empty_space height=&#8220;75px&#8220;][\/vc_column][\/vc_row][vc_row][vc_column width=&#8220;2\/3&#8243; css=&#8220;.vc_custom_1730886324918{background-color: #FFFFFF !important;}&#8220;][vc_column_text css=&#8220;&#8220;]Zimmeranfragen k\u00f6nnen \u00fcber das untenstehende Formular oder telefonisch unter 033-24 87 20 gestellt werden.<\/p>\n<h4>Alle Zimmerpreise verstehen sich inklusive Fr\u00fchst\u00fcck und Mehrwertsteuer.<\/h4>\n<p>[\/vc_column_text]\n<div class=\"wpcf7 no-js\" id=\"wpcf7-f570-o1\" lang=\"sv-SE\" dir=\"ltr\" data-wpcf7-id=\"570\">\n<div class=\"screen-reader-response\"><p role=\"status\" aria-live=\"polite\" aria-atomic=\"true\"><\/p> <ul><\/ul><\/div>\n<form action=\"\/de\/wp-json\/wp\/v2\/pages\/369#wpcf7-f570-o1\" method=\"post\" class=\"wpcf7-form init\" aria-label=\"Kontaktformul\u00e4r\" novalidate=\"novalidate\" data-status=\"init\">\n<fieldset class=\"hidden-fields-container\"><input type=\"hidden\" name=\"_wpcf7\" value=\"570\" \/><input type=\"hidden\" name=\"_wpcf7_version\" value=\"6.1.5\" \/><input type=\"hidden\" name=\"_wpcf7_locale\" value=\"sv_SE\" \/><input type=\"hidden\" name=\"_wpcf7_unit_tag\" value=\"wpcf7-f570-o1\" \/><input type=\"hidden\" name=\"_wpcf7_container_post\" value=\"0\" \/><input type=\"hidden\" name=\"_wpcf7_posted_data_hash\" value=\"\" \/><input type=\"hidden\" name=\"_wpcf7_recaptcha_response\" value=\"\" \/>\n<\/fieldset>\n<div class=\"vc_col-sm-12\">\n\t<p><label>Name <span class=\"wpcf7-form-control-wrap\" data-name=\"your-name\"><input size=\"40\" maxlength=\"400\" class=\"wpcf7-form-control wpcf7-text wpcf7-validates-as-required\" aria-required=\"true\" aria-invalid=\"false\" placeholder=\"Anders Andersson*\" value=\"\" type=\"text\" name=\"your-name\" \/><\/span><\/label>\n\t<\/p>\n<\/div>\n<div class=\"vc_col-sm-12\">\n\t<p><label>Firma (optional) <span class=\"wpcf7-form-control-wrap\" data-name=\"foretag\"><input size=\"40\" maxlength=\"400\" class=\"wpcf7-form-control wpcf7-text\" aria-invalid=\"false\" value=\"\" type=\"text\" name=\"foretag\" \/><\/span><\/label>\n\t<\/p>\n<\/div>\n<div class=\"vc_col-sm-6\">\n\t<p><label>Adresse* <span class=\"wpcf7-form-control-wrap\" data-name=\"adress\"><input size=\"40\" maxlength=\"400\" class=\"wpcf7-form-control wpcf7-text wpcf7-validates-as-required\" aria-required=\"true\" aria-invalid=\"false\" value=\"\" type=\"text\" name=\"adress\" \/><\/span><\/label>\n\t<\/p>\n<\/div>\n<div class=\"vc_col-sm-3\">\n\t<p><label>Postleitzahl* <span class=\"wpcf7-form-control-wrap\" data-name=\"postnr\"><input size=\"40\" maxlength=\"400\" class=\"wpcf7-form-control wpcf7-text wpcf7-validates-as-required\" aria-required=\"true\" aria-invalid=\"false\" value=\"\" type=\"text\" name=\"postnr\" \/><\/span><\/label>\n\t<\/p>\n<\/div>\n<div class=\"vc_col-sm-3\">\n\t<p><label>Stadt* <span class=\"wpcf7-form-control-wrap\" data-name=\"ort\"><input size=\"40\" maxlength=\"400\" class=\"wpcf7-form-control wpcf7-text wpcf7-validates-as-required\" aria-required=\"true\" aria-invalid=\"false\" value=\"\" type=\"text\" name=\"ort\" \/><\/span><\/label>\n\t<\/p>\n<\/div>\n<div class=\"vc_col-sm-12\">\n\t<p><label>E-Mail* <span class=\"wpcf7-form-control-wrap\" data-name=\"your-email\"><input size=\"40\" maxlength=\"400\" class=\"wpcf7-form-control wpcf7-email wpcf7-validates-as-required wpcf7-text wpcf7-validates-as-email\" aria-required=\"true\" aria-invalid=\"false\" placeholder=\"anders@andersson.se\" value=\"\" type=\"email\" name=\"your-email\" \/><\/span><\/label>\n\t<\/p>\n<\/div>\n<div class=\"vc_col-sm-12\">\n\t<p><label>Telefon <span class=\"wpcf7-form-control-wrap\" data-name=\"your-tel\"><input size=\"40\" maxlength=\"400\" class=\"wpcf7-form-control wpcf7-text\" aria-invalid=\"false\" placeholder=\"0700123456\" value=\"\" type=\"text\" name=\"your-tel\" \/><\/span><\/label>\n\t<\/p>\n<\/div>\n<div class=\"vc_col-sm-12\">\n\t<p><label>Anreisedatum* <span class=\"wpcf7-form-control-wrap\" data-name=\"ankomstdag\"><input class=\"wpcf7-form-control wpcf7-date wpcf7-validates-as-required wpcf7-validates-as-date\" aria-required=\"true\" aria-invalid=\"false\" value=\"\" type=\"date\" name=\"ankomstdag\" \/><\/span><\/label>\n\t<\/p>\n<\/div>\n<div class=\"vc_col-sm-12\">\n\t<p><label>Abreisedatum* <span class=\"wpcf7-form-control-wrap\" data-name=\"avresedag\"><input class=\"wpcf7-form-control wpcf7-date wpcf7-validates-as-date\" aria-invalid=\"false\" value=\"\" type=\"date\" name=\"avresedag\" \/><\/span><\/label>\n\t<\/p>\n<\/div>\n<div class=\"vc_col-sm-12\">\n\t<p><strong>Zimmertyp w\u00e4hlen<\/strong>\n\t<\/p>\n<\/div>\n<div class=\"vc_col-sm-4\">\n\t<p>Budget Einzelzimmer\n\t<\/p>\n<\/div>\n<div class=\"vc_col-sm-4\">\n\t<p><span class=\"wpcf7-form-control-wrap\" data-name=\"budget-checkbox\"><span class=\"wpcf7-form-control wpcf7-checkbox wpcf7-exclusive-checkbox\"><span class=\"wpcf7-list-item first\"><label><input type=\"checkbox\" name=\"budget-checkbox\" value=\"Wochentag\" \/><span class=\"wpcf7-list-item-label\">Wochentag<\/span><\/label><\/span><span class=\"wpcf7-list-item last\"><label><input type=\"checkbox\" name=\"budget-checkbox\" value=\"Wochenende\" \/><span class=\"wpcf7-list-item-label\">Wochenende<\/span><\/label><\/span><\/span><\/span>\n\t<\/p>\n<\/div>\n<div class=\"vc_col-sm-4\">\n\t<p><span class=\"wpcf7-form-control-wrap\" data-name=\"antal-budget\"><input size=\"40\" maxlength=\"400\" class=\"wpcf7-form-control wpcf7-text\" aria-invalid=\"false\" placeholder=\"Anzahl der Zimmer\" value=\"\" type=\"text\" name=\"antal-budget\" \/><\/span>\n\t<\/p>\n<\/div>\n<div class=\"vc_col-sm-4\">\n\t<p>Einzelzimmer\n\t<\/p>\n<\/div>\n<div class=\"vc_col-sm-4\">\n\t<p><span class=\"wpcf7-form-control-wrap\" data-name=\"enkel-checkbox\"><span class=\"wpcf7-form-control wpcf7-checkbox wpcf7-exclusive-checkbox\"><span class=\"wpcf7-list-item first\"><label><input type=\"checkbox\" name=\"enkel-checkbox\" value=\"Wochentag\" \/><span class=\"wpcf7-list-item-label\">Wochentag<\/span><\/label><\/span><span class=\"wpcf7-list-item last\"><label><input type=\"checkbox\" name=\"enkel-checkbox\" value=\"Wochenende\" \/><span class=\"wpcf7-list-item-label\">Wochenende<\/span><\/label><\/span><\/span><\/span>\n\t<\/p>\n<\/div>\n<div class=\"vc_col-sm-4\">\n\t<p><span class=\"wpcf7-form-control-wrap\" data-name=\"antal-enkel\"><input size=\"40\" maxlength=\"400\" class=\"wpcf7-form-control wpcf7-text\" aria-invalid=\"false\" placeholder=\"Anzahl der Zimmer\" value=\"\" type=\"text\" name=\"antal-enkel\" \/><\/span>\n\t<\/p>\n<\/div>\n<div class=\"vc_col-sm-4\">\n\t<p>Doppelzimmer\n\t<\/p>\n<\/div>\n<div class=\"vc_col-sm-4\">\n\t<p><span class=\"wpcf7-form-control-wrap\" data-name=\"dubbelrum-checkbox\"><span class=\"wpcf7-form-control wpcf7-checkbox wpcf7-exclusive-checkbox\"><span class=\"wpcf7-list-item first\"><label><input type=\"checkbox\" name=\"dubbelrum-checkbox\" value=\"Wochentag\" \/><span class=\"wpcf7-list-item-label\">Wochentag<\/span><\/label><\/span><span class=\"wpcf7-list-item last\"><label><input type=\"checkbox\" name=\"dubbelrum-checkbox\" value=\"Wochenende\" \/><span class=\"wpcf7-list-item-label\">Wochenende<\/span><\/label><\/span><\/span><\/span>\n\t<\/p>\n<\/div>\n<div class=\"vc_col-sm-4\">\n\t<p><span class=\"wpcf7-form-control-wrap\" data-name=\"antal-dubbel\"><input size=\"40\" maxlength=\"400\" class=\"wpcf7-form-control wpcf7-text\" aria-invalid=\"false\" placeholder=\"Anzahl der Zimmer\" value=\"\" type=\"text\" name=\"antal-dubbel\" \/><\/span>\n\t<\/p>\n<\/div>\n<div class=\"vc_col-sm-4\">\n\t<p>Dreibettzimmer\n\t<\/p>\n<\/div>\n<div class=\"vc_col-sm-4\">\n\t<p><span class=\"wpcf7-form-control-wrap\" data-name=\"trebaddsrum-checkbox\"><span class=\"wpcf7-form-control wpcf7-checkbox wpcf7-exclusive-checkbox\"><span class=\"wpcf7-list-item first\"><label><input type=\"checkbox\" name=\"trebaddsrum-checkbox\" value=\"Wochentag\" \/><span class=\"wpcf7-list-item-label\">Wochentag<\/span><\/label><\/span><span class=\"wpcf7-list-item last\"><label><input type=\"checkbox\" name=\"trebaddsrum-checkbox\" value=\"Wochenende\" \/><span class=\"wpcf7-list-item-label\">Wochenende<\/span><\/label><\/span><\/span><\/span>\n\t<\/p>\n<\/div>\n<div class=\"vc_col-sm-4\">\n\t<p><span class=\"wpcf7-form-control-wrap\" data-name=\"antal-trebadd\"><input size=\"40\" maxlength=\"400\" class=\"wpcf7-form-control wpcf7-text\" aria-invalid=\"false\" placeholder=\"Anzahl der Zimmer\" value=\"\" type=\"text\" name=\"antal-trebadd\" \/><\/span>\n\t<\/p>\n<\/div>\n<div class=\"vc_col-sm-4\">\n\t<p>Suite\n\t<\/p>\n<\/div>\n<div class=\"vc_col-sm-4\">\n\t<p><span class=\"wpcf7-form-control-wrap\" data-name=\"suite-checkbox\"><span class=\"wpcf7-form-control wpcf7-checkbox wpcf7-exclusive-checkbox\"><span class=\"wpcf7-list-item first\"><label><input type=\"checkbox\" name=\"suite-checkbox\" value=\"Wochentag\" \/><span class=\"wpcf7-list-item-label\">Wochentag<\/span><\/label><\/span><span class=\"wpcf7-list-item last\"><label><input type=\"checkbox\" name=\"suite-checkbox\" value=\"Wochenende\" \/><span class=\"wpcf7-list-item-label\">Wochenende<\/span><\/label><\/span><\/span><\/span>\n\t<\/p>\n<\/div>\n<div class=\"vc_col-sm-4\">\n\t<p><span class=\"wpcf7-form-control-wrap\" data-name=\"antal-suite\"><input size=\"40\" maxlength=\"400\" class=\"wpcf7-form-control wpcf7-text\" aria-invalid=\"false\" placeholder=\"Anzahl der Zimmer\" value=\"\" type=\"text\" name=\"antal-suite\" \/><\/span>\n\t<\/p>\n<\/div>\n<div class=\"vc_col-sm-12\">\n\t<p><label>Nachricht (optional) <span class=\"wpcf7-form-control-wrap\" data-name=\"your-message\"><textarea cols=\"40\" rows=\"10\" maxlength=\"2000\" class=\"wpcf7-form-control wpcf7-textarea\" aria-invalid=\"false\" placeholder=\"Ihre Nachricht an uns\" name=\"your-message\"><\/textarea><\/span><\/label>\n\t<\/p>\n<\/div>\n<p><span class=\"wpcf7-form-control-wrap\" data-name=\"GDPR\"><span class=\"wpcf7-form-control wpcf7-acceptance\"><span class=\"wpcf7-list-item\"><label><input type=\"checkbox\" name=\"GDPR\" value=\"1\" aria-invalid=\"false\" \/><span class=\"wpcf7-list-item-label\">Ich stimme zu, dass meine personenbezogenen Daten gem\u00e4\u00df der <a href=\"\/integritetspolicy\/\" target=\"_blank\">Datenschutzrichtlinie<\/a> verarbeitet werden.<\/span><\/label><\/span><\/span><\/span>\n<\/p>\n<p><input class=\"wpcf7-form-control wpcf7-submit has-spinner\" type=\"submit\" value=\"Senden\" \/><br \/>\n<div class=\"wpcf7-response-output\" aria-hidden=\"true\"><\/div>\n<\/form>\n<\/div>\n[\/vc_column][vc_column width=&#8220;1\/3&#8243;][vc_column_text css=&#8220;&#8220;]<\/p>\n<h3>Werden Sie unser Vertragspartner!<\/h3>\n<p>Ist Ihr Unternehmen daran interessiert, Vertragspartner f\u00fcr Hotel\u00fcbernachtungen bei uns zu werden?<\/p>\n<p><a href=\"\/de\/kundenvereinbarung\/\">Erfahren Sie hier mehr \u00fcber eine Vertragskundschaft \u00bb<\/a><\/p>\n<h3>Gem\u00fctliche Zimmer zu einem guten Preis!<\/h3>\n<p>Zimmer mit der pers\u00f6nlichen Atmosph\u00e4re, die gro\u00dfe Hotels oft vermissen lassen.<br \/>\nLages ist genau richtig \u2013 geschmackvoll, einladend und zu einem sehr guten Preis.<\/p>\n<p><a href=\"\/de\/zimmer\/\">Mehr Infos \u00fcber unsere Zimmer \u00bb<\/a>[\/vc_column_text][\/vc_column][\/vc_row][vc_row][vc_column][vc_empty_space height=&#8220;75px&#8220; el_class=&#8220;empty-75&#8243;][\/vc_column][\/vc_row][\/vc_section]<\/p>\n<\/div>","protected":false},"excerpt":{"rendered":"<p>[vc_section full_width=&#8220;stretch_row&#8220; el_id=&#8220;start_inside&#8220;][vc_row][vc_column][vc_column_text css=&#8220;&#8220;] Zimmer buchen [\/vc_column_text][\/vc_column][\/vc_row][\/vc_section][vc_section][vc_row][vc_column][vc_empty_space height=&#8220;75px&#8220;][\/vc_column][\/vc_row][vc_row][vc_column width=&#8220;2\/3&#8243; css=&#8220;.vc_custom_1730886324918{background-color: #FFFFFF !important;}&#8220;][vc_column_text css=&#8220;&#8220;]Zimmeranfragen k\u00f6nnen \u00fcber das untenstehende Formular oder telefonisch unter 033-24 87 20 gestellt werden. Alle Zimmerpreise verstehen sich inklusive Fr\u00fchst\u00fcck und Mehrwertsteuer. [\/vc_column_text][\/vc_column][vc_column width=&#8220;1\/3&#8243;][vc_column_text css=&#8220;&#8220;] Werden Sie unser Vertragspartner! Ist Ihr Unternehmen daran interessiert, Vertragspartner f\u00fcr Hotel\u00fcbernachtungen bei uns zu werden? Erfahren Sie [&hellip;]<\/p>\n","protected":false},"author":2,"featured_media":0,"parent":0,"menu_order":12,"comment_status":"closed","ping_status":"closed","template":"","meta":{"footnotes":""},"class_list":["post-369","page","type-page","status-publish","hentry"],"_links":{"self":[{"href":"https:\/\/lages.se\/de\/wp-json\/wp\/v2\/pages\/369","targetHints":{"allow":["GET"]}}],"collection":[{"href":"https:\/\/lages.se\/de\/wp-json\/wp\/v2\/pages"}],"about":[{"href":"https:\/\/lages.se\/de\/wp-json\/wp\/v2\/types\/page"}],"author":[{"embeddable":true,"href":"https:\/\/lages.se\/de\/wp-json\/wp\/v2\/users\/2"}],"replies":[{"embeddable":true,"href":"https:\/\/lages.se\/de\/wp-json\/wp\/v2\/comments?post=369"}],"version-history":[{"count":7,"href":"https:\/\/lages.se\/de\/wp-json\/wp\/v2\/pages\/369\/revisions"}],"predecessor-version":[{"id":605,"href":"https:\/\/lages.se\/de\/wp-json\/wp\/v2\/pages\/369\/revisions\/605"}],"wp:attachment":[{"href":"https:\/\/lages.se\/de\/wp-json\/wp\/v2\/media?parent=369"}],"curies":[{"name":"wp","href":"https:\/\/api.w.org\/{rel}","templated":true}]}}