{"id":358,"date":"2024-11-04T16:14:26","date_gmt":"2024-11-04T15:14:26","guid":{"rendered":"https:\/\/lages.cmsp.se\/gym_traning\/"},"modified":"2024-11-06T14:05:01","modified_gmt":"2024-11-06T13:05:01","slug":"gym_traning","status":"publish","type":"page","link":"https:\/\/lages.se\/en\/gym_traning\/","title":{"rendered":"Gym\/Tr\u00e4ning"},"content":{"rendered":"<div class=\"wpb-content-wrapper\"><p>[vc_section full_width=&#8221;stretch_row&#8221; el_id=&#8221;start_inside&#8221; css=&#8221;.vc_custom_1730814473674{background-image: url(\/files\/gym.jpg?id=205) !important;background-position: center !important;background-repeat: no-repeat !important;background-size: cover !important;}&#8221;][vc_row][vc_column][vc_column_text css=&#8221;&#8221;]<\/p>\n<h1>Gym\/Tr\u00e4ning<\/h1>\n<p>[\/vc_column_text][\/vc_column][\/vc_row][\/vc_section][vc_section][vc_row][vc_column][vc_empty_space height=&#8221;15px&#8221;][\/vc_column][\/vc_row][vc_row][vc_column width=&#8221;1\/2&#8243;][vc_column_text css=&#8221;&#8221;]<\/p>\n<h2>N\u00e4ra till gym<\/h2>\n<h3>Bewellness ligger bara ca 300 meter fr\u00e5n Lages motell och erbjuder bland annat gym, passtr\u00e4ning, sjukgymnastik och solarium med mera.<\/h3>\n<p><a href=\"https:\/\/www.bewellness.se\/utbud\/\" target=\"_blank\" rel=\"noopener\">Alla v\u00e5ra hotellg\u00e4ster har rabatt hos Bewellness&gt;&gt;<\/a>[\/vc_column_text][\/vc_column][vc_column width=&#8221;1\/2&#8243;][vc_single_image image=&#8221;202&#8243; img_size=&#8221;full&#8221; css=&#8221;&#8221;][\/vc_column][\/vc_row][vc_row][vc_column][vc_empty_space height=&#8221;75px&#8221; el_class=&#8221;empty-75&#8243;][\/vc_column][\/vc_row][\/vc_section]<\/p>\n<\/div>","protected":false},"excerpt":{"rendered":"<p>[vc_section full_width=&#8221;stretch_row&#8221; el_id=&#8221;start_inside&#8221; css=&#8221;.vc_custom_1730814473674{background-image: url(\/files\/gym.jpg?id=205) !important;background-position: center !important;background-repeat: no-repeat !important;background-size: cover !important;}&#8221;][vc_row][vc_column][vc_column_text css=&#8221;&#8221;] Gym\/Tr\u00e4ning [\/vc_column_text][\/vc_column][\/vc_row][\/vc_section][vc_section][vc_row][vc_column][vc_empty_space height=&#8221;15px&#8221;][\/vc_column][\/vc_row][vc_row][vc_column width=&#8221;1\/2&#8243;][vc_column_text css=&#8221;&#8221;] N\u00e4ra till gym Bewellness ligger bara ca 300 meter fr\u00e5n Lages motell och erbjuder bland annat gym, passtr\u00e4ning, sjukgymnastik och solarium med mera. Alla v\u00e5ra hotellg\u00e4ster har rabatt hos Bewellness&gt;&gt;[\/vc_column_text][\/vc_column][vc_column width=&#8221;1\/2&#8243;][vc_single_image image=&#8221;202&#8243; img_size=&#8221;full&#8221; css=&#8221;&#8221;][\/vc_column][\/vc_row][vc_row][vc_column][vc_empty_space height=&#8221;75px&#8221; el_class=&#8221;empty-75&#8243;][\/vc_column][\/vc_row][\/vc_section]<\/p>\n","protected":false},"author":2,"featured_media":0,"parent":0,"menu_order":9,"comment_status":"closed","ping_status":"closed","template":"","meta":{"footnotes":""},"class_list":["post-358","page","type-page","status-publish","hentry"],"_links":{"self":[{"href":"https:\/\/lages.se\/en\/wp-json\/wp\/v2\/pages\/358","targetHints":{"allow":["GET"]}}],"collection":[{"href":"https:\/\/lages.se\/en\/wp-json\/wp\/v2\/pages"}],"about":[{"href":"https:\/\/lages.se\/en\/wp-json\/wp\/v2\/types\/page"}],"author":[{"embeddable":true,"href":"https:\/\/lages.se\/en\/wp-json\/wp\/v2\/users\/2"}],"replies":[{"embeddable":true,"href":"https:\/\/lages.se\/en\/wp-json\/wp\/v2\/comments?post=358"}],"version-history":[{"count":1,"href":"https:\/\/lages.se\/en\/wp-json\/wp\/v2\/pages\/358\/revisions"}],"predecessor-version":[{"id":362,"href":"https:\/\/lages.se\/en\/wp-json\/wp\/v2\/pages\/358\/revisions\/362"}],"wp:attachment":[{"href":"https:\/\/lages.se\/en\/wp-json\/wp\/v2\/media?parent=358"}],"curies":[{"name":"wp","href":"https:\/\/api.w.org\/{rel}","templated":true}]}}